{"id":148,"date":"2025-01-07T16:20:07","date_gmt":"2025-01-07T16:20:07","guid":{"rendered":"https:\/\/dyrestemmen.dk\/?page_id=148"},"modified":"2026-01-26T16:28:00","modified_gmt":"2026-01-26T16:28:00","slug":"healing","status":"publish","type":"page","link":"http:\/\/dyrestemmen.dk\/index.php\/healing\/","title":{"rendered":"Healing og klangmassage."},"content":{"rendered":"\r\n<div>\r\n<div class=\"x78zum5 xdt5ytf\" data-virtualized=\"false\">\r\n<div class=\"x9f619 x1n2onr6 x1ja2u2z\">\r\n<div class=\"__fb-light-mode x1n2onr6\" role=\"row\">\r\n<div>\r\n<div class=\"x78zum5 xdt5ytf x1n2onr6\" tabindex=\"-1\" role=\"gridcell\" data-release-focus-from=\"CLICK\" data-scope=\"messages_table\">\r\n<div class=\"html-div xdj266r x11i5rnm xat24cr x1mh8g0r xexx8yu x4uap5 x18d9i69 xkhd6sd x78zum5 x1eb86dx\">\r\n<div class=\"html-div xdj266r x11i5rnm xat24cr x1mh8g0r xexx8yu x4uap5 x18d9i69 xkhd6sd xeuugli x1vjfegm\">\r\n<div class=\"html-div xdj266r x11i5rnm xat24cr x1mh8g0r xexx8yu x4uap5 x18d9i69 xkhd6sd x78zum5 xh8yej3\" role=\"presentation\">\r\n<div class=\"x1cy8zhl x78zum5 xdt5ytf x193iq5w x1n2onr6 x1kxipp6\">\r\n<div class=\"x78zum5 xh8yej3\" role=\"none\">\r\n<div class=\"html-div xdj266r x11i5rnm xat24cr x1mh8g0r xexx8yu x4uap5 x18d9i69 xkhd6sd x6ikm8r x10wlt62\">\r\n<div class=\"html-div xdj266r x11i5rnm xat24cr x1mh8g0r x14ctfv x1okitfd x6ikm8r x10wlt62 xerhiuh x1pn3fxy x12xxe5f x1szedp3 x1n2onr6 x1vjfegm x1k4qllp x1mzt3pk x13faqbe x1xr0vuk x1jm4cbz x1lmq8lz xrrpcnn x1xtl47e x13fuv20 xu3j5b3 x1q0q8m5 x26u7qi x19livfd x2t687o x3p3xfz x5od304 xp5s12f x11ucwad xgtuqic x155c047\" role=\"presentation\">\r\n<div dir=\"auto\">\u00a0<\/div>\r\n<figure style=\"text-align: justify;\"><img loading=\"lazy\" decoding=\"async\" class=\"size-full wp-image-357 aligncenter\" src=\"http:\/\/dyrestemmen.dk\/wp-content\/uploads\/2025\/01\/top-healing.png\" alt=\"\" width=\"763\" height=\"296\" srcset=\"http:\/\/dyrestemmen.dk\/wp-content\/uploads\/2025\/01\/top-healing.png 763w, http:\/\/dyrestemmen.dk\/wp-content\/uploads\/2025\/01\/top-healing-300x116.png 300w\" sizes=\"auto, (max-width: 763px) 100vw, 763px\" \/><\/figure>\r\n<\/div>\r\n<\/div>\r\n<\/div>\r\n<\/div>\r\n<\/div>\r\n<\/div>\r\n<\/div>\r\n<\/div>\r\n<\/div>\r\n<\/div>\r\n<\/div>\r\n<\/div>\r\n<\/div>\r\n<p>&nbsp;<\/p>\r\n<p style=\"text-align: center;\"><span style=\"font-size: 14pt; font-family: arial, helvetica, sans-serif;\">\r\n\r\n<\/span><\/p>\r\n<p class=\"has-medium-font-size\" style=\"text-align: center;\"><img loading=\"lazy\" decoding=\"async\" class=\" wp-image-423 aligncenter\" src=\"http:\/\/dyrestemmen.dk\/wp-content\/uploads\/2025\/07\/DSC08887.jpg\" alt=\"\" width=\"917\" height=\"611\" srcset=\"http:\/\/dyrestemmen.dk\/wp-content\/uploads\/2025\/07\/DSC08887.jpg 2000w, http:\/\/dyrestemmen.dk\/wp-content\/uploads\/2025\/07\/DSC08887-300x200.jpg 300w, http:\/\/dyrestemmen.dk\/wp-content\/uploads\/2025\/07\/DSC08887-1024x682.jpg 1024w, http:\/\/dyrestemmen.dk\/wp-content\/uploads\/2025\/07\/DSC08887-768x512.jpg 768w, http:\/\/dyrestemmen.dk\/wp-content\/uploads\/2025\/07\/DSC08887-1536x1024.jpg 1536w\" sizes=\"auto, (max-width: 917px) 100vw, 917px\" \/><\/p>\r\n<p><span style=\"font-size: 14pt; font-family: arial, helvetica, sans-serif;\">\r\n\r\n<\/span><\/p>\r\n<p class=\"has-medium-font-size\"><strong><span style=\"font-size: 14pt; font-family: arial, helvetica, sans-serif;\">S\u00e5dan foreg\u00e5r behandlingen.<\/span><\/strong><\/p>\r\n<p><span style=\"font-size: 14pt; font-family: arial, helvetica, sans-serif;\">\r\n\r\n<\/span><\/p>\r\n<p class=\"has-medium-font-size\"><span style=\"font-family: arial, helvetica, sans-serif; font-size: 14pt;\">S\u00e5dan foreg\u00e5r behandlingen. N\u00e5r du kommer hos mig, kommer du ind i mit behandler rum i mit private hjem. <br \/>Du f\u00e5r tilbudt noget vand og vi taler sammen om hvor dine problematikker er. Og hvad du \u00f8nsker healing for.<\/span><br \/><span style=\"font-family: arial, helvetica, sans-serif; font-size: 14pt;\">Jeg sp\u00f8rger dig om du \u00f8nsker behandling med sk\u00e5le og hvis, skal jeg vide om du har skruer, plader mm i kroppen, da sk\u00e5len s\u00e5 ikke m\u00e5 s\u00e6tters der.<br \/>Har du Pacemaker, m\u00e5 sk\u00e5lene heller ikke s\u00e6ttes direkte p\u00e5 kroppen. <br \/>Det er valgfrit om du vil ligge p\u00e5 ryg eller mave n\u00e5r jeg starter healingen.<\/span><\/p>\r\n<p>&nbsp;<\/p>\r\n<p><img loading=\"lazy\" decoding=\"async\" class=\"size-full wp-image-438 aligncenter\" src=\"http:\/\/dyrestemmen.dk\/wp-content\/uploads\/2025\/07\/1.jpg\" alt=\"\" width=\"802\" height=\"494\" srcset=\"http:\/\/dyrestemmen.dk\/wp-content\/uploads\/2025\/07\/1.jpg 802w, http:\/\/dyrestemmen.dk\/wp-content\/uploads\/2025\/07\/1-300x185.jpg 300w, http:\/\/dyrestemmen.dk\/wp-content\/uploads\/2025\/07\/1-768x473.jpg 768w\" sizes=\"auto, (max-width: 802px) 100vw, 802px\" \/><\/p>\r\n<p><span style=\"font-size: 14pt; font-family: arial, helvetica, sans-serif;\">\r\n\r\n<\/span><\/p>\r\n<p class=\"has-medium-font-size\"><span style=\"font-family: arial, helvetica, sans-serif; font-size: 14pt;\">Hvis du kun kan ligge den ene vej, hindre det ikke healingens energien i at finde vej til der, hvor der er brug for den. (Healing kan ogs\u00e5 foreg\u00e5 fra en stol, hvis man ikke kan ligge ned) Healing og klangsk\u00e5le kombineres efter \u00f8nske. Det aftaler vi inden eller under vejs. <br \/>Behandlingen tager omkring 1 til 2 timer, alt efter behov. Der bliver spillet stille og roligt musik i rummet omgivet af krystaller og lys og du vil hurtig falde ned i en tilstand af velv\u00e6re og afslappethed.<\/span><\/p>\r\n<p class=\"has-medium-font-size\"><span style=\"font-family: arial, helvetica, sans-serif; font-size: 14pt;\"><br \/><\/span> <img loading=\"lazy\" decoding=\"async\" class=\"size-full wp-image-440 aligncenter\" src=\"http:\/\/dyrestemmen.dk\/wp-content\/uploads\/2025\/07\/2.jpg\" alt=\"\" width=\"802\" height=\"494\" srcset=\"http:\/\/dyrestemmen.dk\/wp-content\/uploads\/2025\/07\/2.jpg 802w, http:\/\/dyrestemmen.dk\/wp-content\/uploads\/2025\/07\/2-300x185.jpg 300w, http:\/\/dyrestemmen.dk\/wp-content\/uploads\/2025\/07\/2-768x473.jpg 768w\" sizes=\"auto, (max-width: 802px) 100vw, 802px\" \/><\/p>\r\n<p><span style=\"font-size: 14pt; font-family: arial, helvetica, sans-serif;\">\r\n\r\n<\/span><\/p>\r\n<p class=\"has-medium-font-size\"><span style=\"font-size: 14pt; font-family: arial, helvetica, sans-serif;\"><br \/>Der er t\u00e6pper og puder til at sikre at oplevelsen bliver s\u00e5 god som overhoved mulig. <br \/>Det er helt op til dig, om jeg m\u00e5 l\u00e6gge mine h\u00e6nder p\u00e5 dig, eller om jeg skal holde dem et stykke op over dig. <br \/>Healingen har samme effekt. Selve healingen foreg\u00e5r i tavshed. Men vi tager nogle pauser undervejs, hvor vi lige taler om, hvad vi begge har fornemmet. <br \/>Healingen afsluttes med, at jeg stryger dig af for energi ned langs kroppen. <br \/>Ved brug af sk\u00e5le, har jeg flere forskellige med forskellig vibration og lyd frekvens. Sammen finder vi den sk\u00e5l, der er bedst for dig. <br \/>Efter behandling anbefales at du stille kommer til dig selv og at du indtager godt med v\u00e6ske bagefter.\u00a0<\/span><\/p>\r\n<p><span style=\"font-size: 14pt; font-family: arial, helvetica, sans-serif;\">\r\n\r\n<\/span><\/p>\r\n<p class=\"has-medium-font-size\">\u00a0<\/p>\r\n<p class=\"has-medium-font-size\"><img loading=\"lazy\" decoding=\"async\" class=\"size-full wp-image-443 aligncenter\" src=\"http:\/\/dyrestemmen.dk\/wp-content\/uploads\/2025\/07\/3.jpg\" alt=\"\" width=\"802\" height=\"524\" srcset=\"http:\/\/dyrestemmen.dk\/wp-content\/uploads\/2025\/07\/3.jpg 802w, http:\/\/dyrestemmen.dk\/wp-content\/uploads\/2025\/07\/3-300x196.jpg 300w, http:\/\/dyrestemmen.dk\/wp-content\/uploads\/2025\/07\/3-768x502.jpg 768w\" sizes=\"auto, (max-width: 802px) 100vw, 802px\" \/><\/p>\r\n<p><span style=\"font-size: 14pt; font-family: arial, helvetica, sans-serif;\">\r\n\r\n<\/span><\/p>\r\n<p class=\"has-medium-font-size\"><span style=\"font-family: arial, helvetica, sans-serif; font-size: 14pt;\">Der er intet stress eller jag, da jeg s\u00f8rger for god tid mellem mine klienter. Jeg anbefaler 4 til 5 behandlinger med ca. en uges mellemrum, for at opn\u00e5 det bedste resultat. Da kroppen efter behandling skal have tid til at viderarbejde de selvhealing processer , der s\u00e6ttes i gang ved hver behandling.<\/span><\/p>\r\n<p>&nbsp;<\/p>\r\n<p><a href=\"https:\/\/dyrestemmen.dk\/index.php\/hvad-er-klangskaale-massage\/\"><span style=\"font-family: arial, helvetica, sans-serif; font-size: 14pt;\">Hvad er klangsk\u00e5lemassage ?<\/span><\/a><\/p>\r\n<p><span style=\"font-size: 14pt; font-family: arial, helvetica, sans-serif;\">\r\n\r\n<\/span><\/p>\r\n<p><a href=\"https:\/\/dyrestemmen.dk\/index.php\/min-vej-til-healer\/\"><span style=\"font-family: arial, helvetica, sans-serif; font-size: 14pt;\">Min vej til healer.<\/span><\/a><\/p>\r\n<p>&nbsp;<\/p>\r\n<p><span style=\"font-size: 14pt; font-family: arial, helvetica, sans-serif;\">\r\n\r\n<\/span><\/p>\r\n<p><img loading=\"lazy\" decoding=\"async\" class=\"size-full wp-image-452 aligncenter\" src=\"http:\/\/dyrestemmen.dk\/wp-content\/uploads\/2025\/07\/logo-finne.jpg\" alt=\"\" width=\"200\" height=\"139\" \/><\/p>\r\n\r\n\r\n\r\n\r\n","protected":false},"excerpt":{"rendered":"<p>\u00a0 &nbsp; S\u00e5dan foreg\u00e5r behandlingen. S\u00e5dan foreg\u00e5r behandlingen. N\u00e5r du kommer hos mig, kommer du ind i mit behandler rum i mit<\/p>\n<p class=\"link-more\"><a class=\"myButt \" href=\"http:\/\/dyrestemmen.dk\/index.php\/healing\/\">Read More<\/a><\/p>\n","protected":false},"author":1,"featured_media":0,"parent":0,"menu_order":0,"comment_status":"closed","ping_status":"closed","template":"","meta":{"footnotes":""},"class_list":["post-148","page","type-page","status-publish","hentry"],"_links":{"self":[{"href":"http:\/\/dyrestemmen.dk\/index.php\/wp-json\/wp\/v2\/pages\/148","targetHints":{"allow":["GET"]}}],"collection":[{"href":"http:\/\/dyrestemmen.dk\/index.php\/wp-json\/wp\/v2\/pages"}],"about":[{"href":"http:\/\/dyrestemmen.dk\/index.php\/wp-json\/wp\/v2\/types\/page"}],"author":[{"embeddable":true,"href":"http:\/\/dyrestemmen.dk\/index.php\/wp-json\/wp\/v2\/users\/1"}],"replies":[{"embeddable":true,"href":"http:\/\/dyrestemmen.dk\/index.php\/wp-json\/wp\/v2\/comments?post=148"}],"version-history":[{"count":44,"href":"http:\/\/dyrestemmen.dk\/index.php\/wp-json\/wp\/v2\/pages\/148\/revisions"}],"predecessor-version":[{"id":524,"href":"http:\/\/dyrestemmen.dk\/index.php\/wp-json\/wp\/v2\/pages\/148\/revisions\/524"}],"wp:attachment":[{"href":"http:\/\/dyrestemmen.dk\/index.php\/wp-json\/wp\/v2\/media?parent=148"}],"curies":[{"name":"wp","href":"https:\/\/api.w.org\/{rel}","templated":true}]}}