{"id":151,"date":"2025-01-07T16:28:00","date_gmt":"2025-01-07T16:28:00","guid":{"rendered":"https:\/\/dyrestemmen.dk\/?page_id=151"},"modified":"2026-03-03T13:08:00","modified_gmt":"2026-03-03T13:08:00","slug":"foredrag","status":"publish","type":"page","link":"http:\/\/dyrestemmen.dk\/index.php\/foredrag\/","title":{"rendered":"Foredrag"},"content":{"rendered":"\r\n<p>&nbsp;<\/p>\r\n\r\n\r\n\r\n<p><span style=\"font-family: arial, helvetica, sans-serif; font-size: 14pt;\">Foredrag.<\/span><\/p>\r\n<p><span style=\"font-size: 14pt; font-family: arial, helvetica, sans-serif;\">\r\n\r\n<\/span><\/p>\r\n<p><span style=\"font-family: arial, helvetica, sans-serif; font-size: 14pt;\">Kan man tale med dyrene?<\/span><br \/><span style=\"font-family: arial, helvetica, sans-serif; font-size: 14pt;\">Jeg fort\u00e6ller lidt om min opv\u00e6kst som diabetiker p\u00e5 Bornholm.<br \/>F\u00f8lelsen af at v\u00e6re forkert og derfor befandt mig bedre i dyrenes selvskab, som jeg havde en s\u00e6rlig kommunikation med.<\/span><br \/><span style=\"font-family: arial, helvetica, sans-serif; font-size: 14pt;\">I voksenlivet blev det mere og mere tydeligt, s\u00e5 havde brug for at finde svar p\u00e5, om jeg havde en s\u00e6rlig evne eller bare var skinger sk\u00f8r.<\/span><br \/><span style=\"font-family: arial, helvetica, sans-serif; font-size: 14pt;\">Jeg fort\u00e6ller om mit f\u00f8rste m\u00f8de med dyretelepati og hvordan det har \u00e6ndret mit liv.<\/span><\/p>\r\n<p><span style=\"font-size: 14pt; font-family: arial, helvetica, sans-serif;\">\r\n\r\n<\/span><\/p>\r\n<p><span style=\"font-family: arial, helvetica, sans-serif; font-size: 14pt;\">Foredraget varighed.:\u00a0 1 1\/2 time<\/span><br \/><span style=\"font-family: arial, helvetica, sans-serif; font-size: 14pt;\">Pris 600 kr. + k\u00f8rsel<\/span><\/p>\r\n\r\n\r\n\r\n<p>&nbsp;<\/p>\r\n\r\n\r\n\r\n<p>&nbsp;<\/p>\r\n\r\n\r\n\r\n<p>&nbsp;<\/p>\r\n\r\n\r\n\r\n<p>&nbsp;<\/p>\r\n\r\n\r\n\r\n<p>&nbsp;<\/p>\r\n\r\n\r\n\r\n<p>&nbsp;<\/p>\r\n\r\n\r\n\r\n<p>&nbsp;<\/p>\r\n\r\n\r\n\r\n<p>&nbsp;<\/p>\r\n\r\n\r\n\r\n<p>&nbsp;<\/p>\r\n\r\n\r\n\r\n<p>&nbsp;<\/p>\r\n\r\n\r\n\r\n<p>&nbsp;<\/p>\r\n\r\n\r\n\r\n<p>&nbsp;<\/p>\r\n\r\n\r\n\r\n<p>&nbsp;<\/p>\r\n\r\n\r\n\r\n<p>&nbsp;<\/p>\r\n\r\n\r\n\r\n<p>&nbsp;<\/p>\r\n\r\n\r\n\r\n<p>&nbsp;<\/p>\r\n\r\n\r\n\r\n<p>&nbsp;<\/p>\r\n\r\n\r\n\r\n<p>&nbsp;<\/p>\r\n\r\n\r\n\r\n<p>&nbsp;<\/p>\r\n","protected":false},"excerpt":{"rendered":"<p>&nbsp; Foredrag. Kan man tale med dyrene?Jeg fort\u00e6ller lidt om min opv\u00e6kst som diabetiker p\u00e5 Bornholm.F\u00f8lelsen af at v\u00e6re forkert og derfor<\/p>\n<p class=\"link-more\"><a class=\"myButt \" href=\"http:\/\/dyrestemmen.dk\/index.php\/foredrag\/\">Read More<\/a><\/p>\n","protected":false},"author":1,"featured_media":0,"parent":0,"menu_order":0,"comment_status":"closed","ping_status":"closed","template":"","meta":{"footnotes":""},"class_list":["post-151","page","type-page","status-publish","hentry"],"_links":{"self":[{"href":"http:\/\/dyrestemmen.dk\/index.php\/wp-json\/wp\/v2\/pages\/151","targetHints":{"allow":["GET"]}}],"collection":[{"href":"http:\/\/dyrestemmen.dk\/index.php\/wp-json\/wp\/v2\/pages"}],"about":[{"href":"http:\/\/dyrestemmen.dk\/index.php\/wp-json\/wp\/v2\/types\/page"}],"author":[{"embeddable":true,"href":"http:\/\/dyrestemmen.dk\/index.php\/wp-json\/wp\/v2\/users\/1"}],"replies":[{"embeddable":true,"href":"http:\/\/dyrestemmen.dk\/index.php\/wp-json\/wp\/v2\/comments?post=151"}],"version-history":[{"count":9,"href":"http:\/\/dyrestemmen.dk\/index.php\/wp-json\/wp\/v2\/pages\/151\/revisions"}],"predecessor-version":[{"id":531,"href":"http:\/\/dyrestemmen.dk\/index.php\/wp-json\/wp\/v2\/pages\/151\/revisions\/531"}],"wp:attachment":[{"href":"http:\/\/dyrestemmen.dk\/index.php\/wp-json\/wp\/v2\/media?parent=151"}],"curies":[{"name":"wp","href":"https:\/\/api.w.org\/{rel}","templated":true}]}}