{"id":36,"date":"2024-05-03T15:02:32","date_gmt":"2024-05-03T15:02:32","guid":{"rendered":"https:\/\/dyrestemmen.dk\/?page_id=36"},"modified":"2025-07-25T15:41:33","modified_gmt":"2025-07-25T15:41:33","slug":"index","status":"publish","type":"page","link":"http:\/\/dyrestemmen.dk\/index.php\/index\/","title":{"rendered":"Dyrestemmen.."},"content":{"rendered":"\r\n<p><img loading=\"lazy\" decoding=\"async\" class=\"alignnone size-full wp-image-503\" src=\"http:\/\/dyrestemmen.dk\/wp-content\/uploads\/2025\/07\/dyrestemmen-1-small.jpg\" alt=\"\" width=\"300\" height=\"140\" \/><\/p>\r\n<p>&nbsp;<\/p>\r\n<p><span style=\"font-size: 14pt; font-family: arial, helvetica, sans-serif;\">Mit navn er Gertie Finne. <\/span><br \/><span style=\"font-size: 14pt; font-family: arial, helvetica, sans-serif;\">Jeg er nu uddannet og certificeret i dyre telepati\u00a0 v.Manja Vestergaard <\/span><br \/><span style=\"font-size: 14pt; font-family: arial, helvetica, sans-serif;\">(en af landets bedste dyretelepat\u00f8rer)<\/span><br \/><span style=\"font-size: 14pt; font-family: arial, helvetica, sans-serif;\">Jeg kan tilbyde telepati via et billede eller komme ud, inden for en overkommelig radios fra R\u00f8dekro.<\/span><br \/><br \/><span style=\"font-size: 14pt; font-family: arial, helvetica, sans-serif;\"><strong>Hvad er telepati.<\/strong> Tele betyder fjern og pati betyder f\u00f8lelse. Alts\u00e5 at m\u00e6rke f\u00f8lelse over afstand.<\/span><br \/><span style=\"font-size: 14pt; font-family: arial, helvetica, sans-serif;\">Telepati er en energi udveksling\u00a0 mellem to individer. Telepati er en evne vi alle besidder, men som de fleste mennesker har glemt at bruge.<\/span><br \/><span style=\"font-size: 14pt; font-family: arial, helvetica, sans-serif;\">Hos dyrene bliver den til geng\u00e6ld brugt flittigt i kommunikationen med hinanden og de er lyn hurtige\u00a0 til det men, hvor det hos os mennesker er glemt eller undertrykt, da vi fra helt sm\u00e5 l\u00e6re at fokusere mere p\u00e5, hvad der bliver sagt end, hvad vi f\u00f8ler og vi har l\u00e6rt at, alt skal kunne bevises.<\/span><br \/><span style=\"font-size: 14pt; font-family: arial, helvetica, sans-serif;\">Alle ting i denne verden er lavet af energi, ogs\u00e5 vores tanker og f\u00f8lelser og det er den energi, vi kan udveksle med dyrene, s\u00e5 vi kan tale med dem.<\/span><br \/><span style=\"font-size: 14pt; font-family: arial, helvetica, sans-serif;\">Dyrene har tit meget p\u00e5 hjertet og gennem dem, kan vi ogs\u00e5 selv f\u00e5 en bedre selvforst\u00e5else, med de budskaber de tit har til os.<\/span><\/p>\r\n<p>&nbsp;<\/p>\r\n<table style=\"border-collapse: collapse; width: 100%;\">\r\n<tbody>\r\n<tr>\r\n<td style=\"width: 50%;\">\r\n<p><span style=\"font-size: 14pt; font-family: arial, helvetica, sans-serif;\">Hvad kan jeg hj\u00e6lpe med ? \u00a0Jeg sidder med et billede af dit dyr i h\u00e5nden eller st\u00e5r ved dit dyr og g\u00e5r i en form for meditations trance. Sl\u00e5r mit hoved fra og g\u00e5r ned i min krop og hjerte. Her tager jeg kontakt til dit dyr. Det er, hvad jeg f\u00f8ler, m\u00e6rker, f\u00e5r vist i billeder eller f\u00e5r ind som ord, jeg kan fort\u00e6lle dig. Der kan komme budskaber til dig fra dit dyr og jeg kan stille sp\u00f8rgsm\u00e5l fra dig til dit dyr, som der \u00f8nskes svar p\u00e5. Jeg kan\u00a0 ogs\u00e5 g\u00e5 ind og lindre \/ forl\u00f8se traumer, dyret b\u00e6re i sig fra d\u00e5rlige oplevelser. Jeg kan give dig forklaring p\u00e5, hvad der sker inde i dit dyr og \u00e5rsagen til dets adf\u00e6rd.<\/span><\/p>\r\n<br \/>\r\n<p><span style=\"font-size: 14pt; font-family: arial, helvetica, sans-serif;\">H\u00f8re dit dyrs \u00f8nsker om, hvad der kan hj\u00e6lpe den og dig til en bedre forst\u00e5else af hinanden.F\u00f8ler du, at der er problemer med dit dyr, s\u00e5 er det da s\u00e5 klart nemmest at sp\u00f8rge dyret selv, og det er det vi dyretelepat\u00f8rer kan hj\u00e6lpe med.Der er intet mystisk eller hokus pokus over det. Det er ren og sk\u00e6r brug af en evne vi alle er f\u00f8dt med, hvis vi vil l\u00e6re at bruge den.Dette er ikke et Quikfix, da der tit er problematikker som ejer selv skal arbejde sammen med sit dyr om. Men telepatien kan belyser og guide ejer i den rigtig retning og\u00a0 f\u00e5 en langt bedre forst\u00e5else af sit dyr og m\u00e5ske endda sig selv.<\/span><\/p>\r\n<\/td>\r\n<\/tr>\r\n<\/tbody>\r\n<\/table>\r\n<p><span style=\"font-size: 14pt; font-family: arial, helvetica, sans-serif;\">\r\n\r\n<div class=\"wp-block-image\"><\/span><\/p>\r\n<figure class=\"aligncenter size-full\"><img loading=\"lazy\" decoding=\"async\" width=\"400\" height=\"514\" class=\"wp-image-100\" src=\"http:\/\/dyrestemmen.dk\/wp-content\/uploads\/2024\/05\/70d3360e-171e-45ab-8ab7-78edf2cdab88-med-skygge-e1736428285443.jpg\" alt=\"\" \/><\/figure>\r\n<\/div>\r\n\r\n\r\n<p>&nbsp;<\/p>\r\n\r\n\r\n\r\n<p>&nbsp;<\/p>\r\n","protected":false},"excerpt":{"rendered":"<p>&nbsp; Mit navn er Gertie Finne. Jeg er nu uddannet og certificeret i dyre telepati\u00a0 v.Manja Vestergaard (en af landets bedste dyretelepat\u00f8rer)Jeg<\/p>\n<p class=\"link-more\"><a class=\"myButt \" href=\"http:\/\/dyrestemmen.dk\/index.php\/index\/\">Read More<\/a><\/p>\n","protected":false},"author":1,"featured_media":0,"parent":0,"menu_order":0,"comment_status":"closed","ping_status":"closed","template":"","meta":{"footnotes":""},"class_list":["post-36","page","type-page","status-publish","hentry"],"_links":{"self":[{"href":"http:\/\/dyrestemmen.dk\/index.php\/wp-json\/wp\/v2\/pages\/36","targetHints":{"allow":["GET"]}}],"collection":[{"href":"http:\/\/dyrestemmen.dk\/index.php\/wp-json\/wp\/v2\/pages"}],"about":[{"href":"http:\/\/dyrestemmen.dk\/index.php\/wp-json\/wp\/v2\/types\/page"}],"author":[{"embeddable":true,"href":"http:\/\/dyrestemmen.dk\/index.php\/wp-json\/wp\/v2\/users\/1"}],"replies":[{"embeddable":true,"href":"http:\/\/dyrestemmen.dk\/index.php\/wp-json\/wp\/v2\/comments?post=36"}],"version-history":[{"count":38,"href":"http:\/\/dyrestemmen.dk\/index.php\/wp-json\/wp\/v2\/pages\/36\/revisions"}],"predecessor-version":[{"id":504,"href":"http:\/\/dyrestemmen.dk\/index.php\/wp-json\/wp\/v2\/pages\/36\/revisions\/504"}],"wp:attachment":[{"href":"http:\/\/dyrestemmen.dk\/index.php\/wp-json\/wp\/v2\/media?parent=36"}],"curies":[{"name":"wp","href":"https:\/\/api.w.org\/{rel}","templated":true}]}}