{"id":418,"date":"2025-07-20T07:59:15","date_gmt":"2025-07-20T07:59:15","guid":{"rendered":"https:\/\/dyrestemmen.dk\/?page_id=418"},"modified":"2025-07-21T13:25:55","modified_gmt":"2025-07-21T13:25:55","slug":"hvad-er-klangskaale-massage","status":"publish","type":"page","link":"http:\/\/dyrestemmen.dk\/index.php\/hvad-er-klangskaale-massage\/","title":{"rendered":"Hvad er klangsk\u00e5le massage"},"content":{"rendered":"\r\n<figure class=\"wp-block-image size-full\"><img loading=\"lazy\" decoding=\"async\" width=\"2000\" height=\"1333\" class=\"wp-image-423\" src=\"https:\/\/dyrestemmen.dk\/wp-content\/uploads\/2025\/07\/DSC08887.jpg\" alt=\"\" srcset=\"http:\/\/dyrestemmen.dk\/wp-content\/uploads\/2025\/07\/DSC08887.jpg 2000w, http:\/\/dyrestemmen.dk\/wp-content\/uploads\/2025\/07\/DSC08887-300x200.jpg 300w, http:\/\/dyrestemmen.dk\/wp-content\/uploads\/2025\/07\/DSC08887-1024x682.jpg 1024w, http:\/\/dyrestemmen.dk\/wp-content\/uploads\/2025\/07\/DSC08887-768x512.jpg 768w, http:\/\/dyrestemmen.dk\/wp-content\/uploads\/2025\/07\/DSC08887-1536x1024.jpg 1536w\" sizes=\"auto, (max-width: 2000px) 100vw, 2000px\" \/><\/figure>\r\n\r\n\r\n\r\n<p class=\"has-text-align-left\"><br \/><span style=\"color: #000000; font-family: tahoma, arial, helvetica, sans-serif; font-size: 14pt;\">Klang eller syngesk\u00e5le har v\u00e6ret en kendt behandlingsform i over 3000 \u00e5r.<br \/>Den stammer fra hinduistiske og buddhistiske traditioner, hvor munkene brugte dem til healing, meditationer og ceremonielle form\u00e5l.<br \/>Disse sk\u00e5le bestod som oftest af kobber og tin. Er smukke h\u00e5ndlavede sk\u00e5le, der laves i mange st\u00f8rrelser, former og udsmykninger.<br \/>Nogle er fremstillet i fuldm\u00e5ne og skyllet i helligt vand og menes at have en st\u00f8rre kraft og virkning.<\/span><\/p>\r\n\r\n\r\n\r\n<p><span style=\"font-family: tahoma, arial, helvetica, sans-serif; font-size: 14pt;\">Sk\u00e5len findes ogs\u00e5 som gulvsk\u00e5l, s\u00e5 man kan st\u00e5 i den, mens man selv sl\u00e5r den an. Her f\u00e5r man f\u00f8lelsen af at forlade denne verden for en stund, mens dybe frekvenser fylder hele ens krop op. Den kr\u00e6ver dog en temmelig stor pengepung, som jeg desv\u00e6rre ikke er ejer af. Sk\u00e5lene har alle hver deres toner og frekvenser , der p\u00e5virker vores krop og sind p\u00e5 forskellig m\u00e5de.<\/span><br \/><span style=\"font-family: tahoma, arial, helvetica, sans-serif; font-size: 14pt;\">Sk\u00e5len bliver sl\u00e5et an med en k\u00f8lle og sender toner og vibrationer ud i l\u00e6ngere tid. Ved at k\u00f8re p\u00e5 kanten med en ruskindsk\u00f8lle, kan sk\u00e5len blive ved s\u00e5 l\u00e6nge man \u00f8nsker.<\/span><\/p>\r\n\r\n\r\n\r\n<p><br \/><span style=\"font-family: tahoma, arial, helvetica, sans-serif; font-size: 14pt;\">Klangmassage er en afsp\u00e6ndende og mere dybdeg\u00e5ende massage end almindelig massage. Mange oplever at sk\u00e5lens vibrationer g\u00e5r lige ned og finder smerten, som ingen andre behandler har kunnet finde. Klangsk\u00e5lens vibrationer stimulere vores kropsv\u00e6sker og finder frem til de syge celler i vores krop, der har en anden frekvens end de raske.<\/span><br \/><span style=\"font-family: tahoma, arial, helvetica, sans-serif; font-size: 14pt;\">Man kan til tider ligefrem h\u00f8re at sk\u00e5len \u00e6ndre klang, n\u00e5r den finder ubalancer.<\/span><br \/><span style=\"font-family: tahoma, arial, helvetica, sans-serif; font-size: 14pt;\">Klangsk\u00e5len er en effektiv metode til at skabe balance, bedre energi flow og gennemstr\u00f8mning i kroppen, afsp\u00e6nder, lindre smerter og er super afstressende.<\/span><\/p>\r\n\r\n\r\n\r\n<p><br \/><span style=\"font-family: tahoma, arial, helvetica, sans-serif; font-size: 14pt;\">Sk\u00e5len s\u00e6ttes p\u00e5 modtagers krop og behandler sl\u00e5r den an eller f\u00e5r den til at synge. Det er individuel hvad modtager f\u00f8ler har den bedste virkning og ogs\u00e5, hvilken sk\u00e5l man foretr\u00e6kker.<br \/>Sk\u00e5len kan ogs\u00e5 f\u00f8res over modtagers krop, uden ber\u00f8ring, da vibrationerne stadig vil finde vej.<br \/>Jeg foretr\u00e6kker at bruge varmt vand i sk\u00e5len, hvor det er muligt, da varmen f\u00f8lger med vibrationerne dybt ned i kroppen, og giver en endnu st\u00f8rre virkning.<br \/>Jeg lader altid min klient v\u00e6re medbestemmende her, hvilke sk\u00e5le der tiltaler dem bedst. og sammen finder vi og sk\u00e5lene vejen til den mest effektive behandling .<\/span><\/p>\r\n\r\n\r\n\r\n<p><span style=\"font-family: tahoma, arial, helvetica, sans-serif; font-size: 14pt;\"><br \/>Det har ogs\u00e5 vist sig, at folk med Tinnitus kan opn\u00e5 en lindring i op til 14 dage efter en klangterapi. Hvor sk\u00e5len sl\u00e5s blidt an og f\u00f8res fra \u00f8rer til \u00f8rer hen over hovedet mange gange.<br \/>Klangsk\u00e5len kan ogs\u00e5 anvendes p\u00e5 dyr og de fleste dyr ops\u00f8ger selv sk\u00e5len og guider mig, hvor den vil have massagen.<\/span><\/p>\r\n<p>&nbsp;<\/p>\r\n<p style=\"text-align: center;\"><img loading=\"lazy\" decoding=\"async\" class=\"alignnone size-full wp-image-452\" src=\"http:\/\/dyrestemmen.dk\/wp-content\/uploads\/2025\/07\/logo-finne.jpg\" alt=\"\" width=\"200\" height=\"139\" \/><\/p>\r\n\r\n\r\n\r\n<p class=\"has-text-align-center\"><span style=\"font-size: 14pt; font-family: arial, helvetica, sans-serif; color: #000000;\">-&#8220;-<\/span><\/p>\r\n","protected":false},"excerpt":{"rendered":"<p>Klang eller syngesk\u00e5le har v\u00e6ret en kendt behandlingsform i over 3000 \u00e5r.Den stammer fra hinduistiske og buddhistiske traditioner, hvor munkene brugte dem<\/p>\n<p class=\"link-more\"><a class=\"myButt \" href=\"http:\/\/dyrestemmen.dk\/index.php\/hvad-er-klangskaale-massage\/\">Read More<\/a><\/p>\n","protected":false},"author":1,"featured_media":0,"parent":0,"menu_order":0,"comment_status":"closed","ping_status":"closed","template":"","meta":{"footnotes":""},"class_list":["post-418","page","type-page","status-publish","hentry"],"_links":{"self":[{"href":"http:\/\/dyrestemmen.dk\/index.php\/wp-json\/wp\/v2\/pages\/418","targetHints":{"allow":["GET"]}}],"collection":[{"href":"http:\/\/dyrestemmen.dk\/index.php\/wp-json\/wp\/v2\/pages"}],"about":[{"href":"http:\/\/dyrestemmen.dk\/index.php\/wp-json\/wp\/v2\/types\/page"}],"author":[{"embeddable":true,"href":"http:\/\/dyrestemmen.dk\/index.php\/wp-json\/wp\/v2\/users\/1"}],"replies":[{"embeddable":true,"href":"http:\/\/dyrestemmen.dk\/index.php\/wp-json\/wp\/v2\/comments?post=418"}],"version-history":[{"count":7,"href":"http:\/\/dyrestemmen.dk\/index.php\/wp-json\/wp\/v2\/pages\/418\/revisions"}],"predecessor-version":[{"id":460,"href":"http:\/\/dyrestemmen.dk\/index.php\/wp-json\/wp\/v2\/pages\/418\/revisions\/460"}],"wp:attachment":[{"href":"http:\/\/dyrestemmen.dk\/index.php\/wp-json\/wp\/v2\/media?parent=418"}],"curies":[{"name":"wp","href":"https:\/\/api.w.org\/{rel}","templated":true}]}}