{"id":55,"date":"2024-05-09T14:14:21","date_gmt":"2024-05-09T14:14:21","guid":{"rendered":"https:\/\/dyrestemmen.dk\/?page_id=55"},"modified":"2026-01-26T16:37:52","modified_gmt":"2026-01-26T16:37:52","slug":"priser","status":"publish","type":"page","link":"http:\/\/dyrestemmen.dk\/index.php\/priser\/","title":{"rendered":"Priser."},"content":{"rendered":"<p>&nbsp;<\/p>\n<p>&nbsp;<\/p>\n<p><span style=\"font-family: arial, helvetica, sans-serif; font-size: 14pt;\">1 session pr.dyr med mundtlig\/telefonisk tilbagemelding.<\/span><\/p>\n<p><span style=\"font-family: arial, helvetica, sans-serif; font-size: 14pt;\">Pris 500 kr.<\/span><\/p>\n<p><span style=\"font-family: arial, helvetica, sans-serif; font-size: 14pt;\">Skriftlig tilbagemelding\u00a0<\/span><\/p>\n<p><span style=\"font-family: arial, helvetica, sans-serif; font-size: 14pt;\">+150 kr. ekstra.<\/span><\/p>\n<p><span style=\"font-family: arial, helvetica, sans-serif; font-size: 14pt;\">Ved flere dyr gives rabat. H\u00f8r n\u00e6rmere.<\/span><\/p>\n<p><span style=\"font-family: arial, helvetica, sans-serif; font-size: 14pt;\">Ved live sessioner p\u00e5l\u00e6gges kilometer penge af 3,50 kr. hvis k\u00f8rsel er mere end 15 km hver vej.<\/span><\/p>\n<p>&nbsp;<\/p>\n<p>&nbsp;<\/p>\n","protected":false},"excerpt":{"rendered":"<p>&nbsp; &nbsp; 1 session pr.dyr med mundtlig\/telefonisk tilbagemelding. Pris 500 kr. Skriftlig tilbagemelding\u00a0 +150 kr. ekstra. Ved flere dyr gives rabat. H\u00f8r<\/p>\n<p class=\"link-more\"><a class=\"myButt \" href=\"http:\/\/dyrestemmen.dk\/index.php\/priser\/\">Read More<\/a><\/p>\n","protected":false},"author":1,"featured_media":0,"parent":0,"menu_order":0,"comment_status":"closed","ping_status":"closed","template":"","meta":{"footnotes":""},"class_list":["post-55","page","type-page","status-publish","hentry"],"_links":{"self":[{"href":"http:\/\/dyrestemmen.dk\/index.php\/wp-json\/wp\/v2\/pages\/55","targetHints":{"allow":["GET"]}}],"collection":[{"href":"http:\/\/dyrestemmen.dk\/index.php\/wp-json\/wp\/v2\/pages"}],"about":[{"href":"http:\/\/dyrestemmen.dk\/index.php\/wp-json\/wp\/v2\/types\/page"}],"author":[{"embeddable":true,"href":"http:\/\/dyrestemmen.dk\/index.php\/wp-json\/wp\/v2\/users\/1"}],"replies":[{"embeddable":true,"href":"http:\/\/dyrestemmen.dk\/index.php\/wp-json\/wp\/v2\/comments?post=55"}],"version-history":[{"count":6,"href":"http:\/\/dyrestemmen.dk\/index.php\/wp-json\/wp\/v2\/pages\/55\/revisions"}],"predecessor-version":[{"id":528,"href":"http:\/\/dyrestemmen.dk\/index.php\/wp-json\/wp\/v2\/pages\/55\/revisions\/528"}],"wp:attachment":[{"href":"http:\/\/dyrestemmen.dk\/index.php\/wp-json\/wp\/v2\/media?parent=55"}],"curies":[{"name":"wp","href":"https:\/\/api.w.org\/{rel}","templated":true}]}}